{"id":1152,"date":"2023-08-15T13:55:20","date_gmt":"2023-08-15T13:55:20","guid":{"rendered":"http:\/\/gorillagolf.ca\/?post_type=product&#038;p=1152"},"modified":"2024-04-23T14:08:47","modified_gmt":"2024-04-23T14:08:47","slug":"t-shirt","status":"publish","type":"product","link":"http:\/\/gorillagolf.ca\/fr\/produit\/t-shirt\/","title":{"rendered":"T-shirt"},"content":{"rendered":"","protected":false},"excerpt":{"rendered":"<p>Le confort classique rencontre le style de golf avec notre chemise haut de gamme. Am\u00e9liorez votre look sur le parcours avec nos chemises polyvalentes et \u00e9l\u00e9gantes.<\/p>","protected":false},"featured_media":1107,"comment_status":"open","ping_status":"closed","template":"","meta":[],"product_cat":[23,18],"product_tag":[80,117],"class_list":{"0":"post-1152","1":"product","2":"type-product","3":"status-publish","4":"has-post-thumbnail","6":"product_cat-shirts","7":"product_cat-woman","8":"product_tag-shirt","9":"product_tag-watch","10":"pa_size-xs","11":"pa_size-s","12":"pa_size-m","13":"pa_size-l","14":"pa_size-xl","15":"pa_size-xxl","17":"first","18":"instock","19":"taxable","20":"shipping-taxable","21":"purchasable","22":"product-type-variable"},"jetpack_sharing_enabled":true,"_links":{"self":[{"href":"http:\/\/gorillagolf.ca\/fr\/wp-json\/wp\/v2\/product\/1152","targetHints":{"allow":["GET"]}}],"collection":[{"href":"http:\/\/gorillagolf.ca\/fr\/wp-json\/wp\/v2\/product"}],"about":[{"href":"http:\/\/gorillagolf.ca\/fr\/wp-json\/wp\/v2\/types\/product"}],"replies":[{"embeddable":true,"href":"http:\/\/gorillagolf.ca\/fr\/wp-json\/wp\/v2\/comments?post=1152"}],"version-history":[{"count":1,"href":"http:\/\/gorillagolf.ca\/fr\/wp-json\/wp\/v2\/product\/1152\/revisions"}],"predecessor-version":[{"id":1476,"href":"http:\/\/gorillagolf.ca\/fr\/wp-json\/wp\/v2\/product\/1152\/revisions\/1476"}],"wp:featuredmedia":[{"embeddable":true,"href":"http:\/\/gorillagolf.ca\/fr\/wp-json\/wp\/v2\/media\/1107"}],"wp:attachment":[{"href":"http:\/\/gorillagolf.ca\/fr\/wp-json\/wp\/v2\/media?parent=1152"}],"wp:term":[{"taxonomy":"product_cat","embeddable":true,"href":"http:\/\/gorillagolf.ca\/fr\/wp-json\/wp\/v2\/product_cat?post=1152"},{"taxonomy":"product_tag","embeddable":true,"href":"http:\/\/gorillagolf.ca\/fr\/wp-json\/wp\/v2\/product_tag?post=1152"}],"curies":[{"name":"wp","href":"https:\/\/api.w.org\/{rel}","templated":true}]}}