{"id":786,"date":"2021-08-19T08:44:40","date_gmt":"2021-08-19T08:44:40","guid":{"rendered":"http:\/\/gorillagolf.ca\/?post_type=product&#038;p=786"},"modified":"2024-04-23T14:10:25","modified_gmt":"2024-04-23T14:10:25","slug":"man-suit","status":"publish","type":"product","link":"http:\/\/gorillagolf.ca\/fr\/produit\/man-suit\/","title":{"rendered":"Sweatshirt \u00e0 capuche"},"content":{"rendered":"","protected":false},"excerpt":{"rendered":"<p>Restez au chaud avec style avec notre sweat \u00e0 capuche premium. Id\u00e9als sur le parcours comme en dehors, nos sweats \u00e0 capuche offrent confort et mode dans un seul emballage.<\/p>","protected":false},"featured_media":1116,"comment_status":"open","ping_status":"closed","template":"","meta":[],"product_cat":[124,17],"product_tag":[136,137],"class_list":{"0":"post-786","1":"product","2":"type-product","3":"status-publish","4":"has-post-thumbnail","6":"product_cat-hoodies-sweatshirt","7":"product_cat-man","8":"product_tag-hoodies","9":"product_tag-man-hoodies","10":"pa_size-xs","11":"pa_size-s","12":"pa_size-m","13":"pa_size-l","14":"pa_size-xl","15":"pa_size-xxl","17":"first","18":"instock","19":"sale","20":"taxable","21":"shipping-taxable","22":"purchasable","23":"product-type-variable"},"jetpack_sharing_enabled":true,"_links":{"self":[{"href":"http:\/\/gorillagolf.ca\/fr\/wp-json\/wp\/v2\/product\/786","targetHints":{"allow":["GET"]}}],"collection":[{"href":"http:\/\/gorillagolf.ca\/fr\/wp-json\/wp\/v2\/product"}],"about":[{"href":"http:\/\/gorillagolf.ca\/fr\/wp-json\/wp\/v2\/types\/product"}],"replies":[{"embeddable":true,"href":"http:\/\/gorillagolf.ca\/fr\/wp-json\/wp\/v2\/comments?post=786"}],"version-history":[{"count":3,"href":"http:\/\/gorillagolf.ca\/fr\/wp-json\/wp\/v2\/product\/786\/revisions"}],"predecessor-version":[{"id":1477,"href":"http:\/\/gorillagolf.ca\/fr\/wp-json\/wp\/v2\/product\/786\/revisions\/1477"}],"wp:featuredmedia":[{"embeddable":true,"href":"http:\/\/gorillagolf.ca\/fr\/wp-json\/wp\/v2\/media\/1116"}],"wp:attachment":[{"href":"http:\/\/gorillagolf.ca\/fr\/wp-json\/wp\/v2\/media?parent=786"}],"wp:term":[{"taxonomy":"product_cat","embeddable":true,"href":"http:\/\/gorillagolf.ca\/fr\/wp-json\/wp\/v2\/product_cat?post=786"},{"taxonomy":"product_tag","embeddable":true,"href":"http:\/\/gorillagolf.ca\/fr\/wp-json\/wp\/v2\/product_tag?post=786"}],"curies":[{"name":"wp","href":"https:\/\/api.w.org\/{rel}","templated":true}]}}